{"id":1501,"date":"2026-01-20T04:46:27","date_gmt":"2026-01-20T03:46:27","guid":{"rendered":"https:\/\/www.patricklaspina.com\/our-premium-programs\/individual-and-small-group-coaching\/"},"modified":"2026-02-09T11:16:54","modified_gmt":"2026-02-09T10:16:54","slug":"individual-and-small-group-coaching","status":"publish","type":"page","link":"https:\/\/www.patricklaspina.com\/en\/our-premium-programs\/individual-and-small-group-coaching\/","title":{"rendered":"Individual and small group coaching"},"content":{"rendered":"<div id='av_section_1'  class='avia-section av-mkm23mft-b2bf0ac84c6883351ccb0bce1c03d2d5 main_color avia-section-huge avia-no-border-styling  avia-builder-el-0  el_before_av_section  avia-builder-el-first  av-small-hide av-mini-hide avia-bg-style-scroll container_wrap fullsize'  ><div class='container av-section-cont-open' ><main  role=\"main\" itemprop=\"mainContentOfPage\"  class='template-page content  av-content-full alpha units'><div class='post-entry post-entry-type-page post-entry-1501'><div class='entry-content-wrapper clearfix'>\n<div  class='flex_column av-823p02-13817bdadf299117c55bff014d008d9f av_one_half  avia-builder-el-1  el_before_av_one_half  avia-builder-el-first  first flex_column_div  '     ><style type=\"text\/css\" data-created_by=\"avia_inline_auto\" id=\"style-css-av-mkm22c8b-c4577781e0f169feb8e125b2cd509a68\">\nbody .av-special-heading.av-mkm22c8b-c4577781e0f169feb8e125b2cd509a68 .av-special-heading-tag .heading-char{\nfont-size:25px;\n}\n.av-special-heading.av-mkm22c8b-c4577781e0f169feb8e125b2cd509a68 .av-subheading{\nfont-size:15px;\n}\n<\/style>\n<div  class='av-special-heading av-mkm22c8b-c4577781e0f169feb8e125b2cd509a68 av-special-heading-h2 blockquote modern-quote  avia-builder-el-2  avia-builder-el-no-sibling '><h2 class='av-special-heading-tag '  itemprop=\"headline\"  >Individual and small group coaching<\/h2><div class=\"special-heading-border\"><div class=\"special-heading-inner-border\"><\/div><\/div><\/div><\/div><div  class='flex_column av-6b4oci-108cfd4618791396158f99b244962c95 av_one_half  avia-builder-el-3  el_after_av_one_half  el_before_av_hr  flex_column_div  '     ><style type=\"text\/css\" data-created_by=\"avia_inline_auto\" id=\"style-css-av-mkm231s0-de08ab00cb3148045d3ff548c2349f99\">\n#top .av_textblock_section.av-mkm231s0-de08ab00cb3148045d3ff548c2349f99 .avia_textblock{\ntext-align:left;\n}\n<\/style>\n<section  class='av_textblock_section av-mkm231s0-de08ab00cb3148045d3ff548c2349f99 '   itemscope=\"itemscope\" itemtype=\"https:\/\/schema.org\/CreativeWork\" ><div class='avia_textblock'  itemprop=\"text\" ><p>This support offers an exclusively qualitative approach. It is not based on athletic performance, but on the quality of perception, movement, and feeling, where the decisive details of the game are played out. <\/p>\n<p>The goal is to help players better understand what they perceive: knowing where to look, what to take into account, and what to ignore, both offensively and defensively, so that the body responds appropriately and effectively to each situation.<\/p>\n<p>Through InMova, the work is based on stable motor and perceptual principles, which allow for precision, timing, and freedom when pressure and imbalance arise.<\/p>\n<p>The situations presented are close to real-life play. The player&#8217;s behavior is approached as a response adapted to the context, never as a form to be reproduced.<\/p>\n<\/div><\/section><\/div>\n<style type=\"text\/css\" data-created_by=\"avia_inline_auto\" id=\"style-css-av-mkm257ul-5b4029713e275d5d10ed354c8771ca12\">\n#top .hr.hr-invisible.av-mkm257ul-5b4029713e275d5d10ed354c8771ca12{\nheight:120px;\n}\n<\/style>\n<div  class='hr av-mkm257ul-5b4029713e275d5d10ed354c8771ca12 hr-invisible  avia-builder-el-5  el_after_av_one_half  el_before_av_one_half '><span class='hr-inner '><span class=\"hr-inner-style\"><\/span><\/span><\/div>\n<div class='flex_column_table av-mkm2budj-5fe606d6947f2b07f12e07da116c4dd1 sc-av_one_half av-equal-height-column-flextable'>\n<style type=\"text\/css\" data-created_by=\"avia_inline_auto\" id=\"style-css-av-mkm2budj-5fe606d6947f2b07f12e07da116c4dd1\">\n.flex_column.av-mkm2budj-5fe606d6947f2b07f12e07da116c4dd1{\nbackground:url(https:\/\/www.patricklaspina.com\/wp-content\/uploads\/2025\/12\/Cat1.jpg) 50% 50% no-repeat scroll ;\n}\n<\/style>\n<div  class='flex_column av-mkm2budj-5fe606d6947f2b07f12e07da116c4dd1 av_one_half  avia-builder-el-6  el_after_av_hr  el_before_av_one_half  first flex_column_table_cell av-equal-height-column av-align-middle avia-full-stretch  '     ><\/div><div class='av-flex-placeholder'><\/div><div  class='flex_column av-4fo1si-3dc112c49fa850bc2f2818edca5d377a av_one_half  avia-builder-el-7  el_after_av_one_half  avia-builder-el-last  flex_column_table_cell av-equal-height-column av-align-middle  '     ><p>\n<style type=\"text\/css\" data-created_by=\"avia_inline_auto\" id=\"style-css-av-mkm2644p-edb40fe87656266939397661c30ae065\">\n#top .av-special-heading.av-mkm2644p-edb40fe87656266939397661c30ae065{\npadding-bottom:10px;\n}\nbody .av-special-heading.av-mkm2644p-edb40fe87656266939397661c30ae065 .av-special-heading-tag .heading-char{\nfont-size:25px;\n}\n.av-special-heading.av-mkm2644p-edb40fe87656266939397661c30ae065 .av-subheading{\nfont-size:15px;\n}\n<\/style>\n<div  class='av-special-heading av-mkm2644p-edb40fe87656266939397661c30ae065 av-special-heading-h3 blockquote modern-quote  avia-builder-el-8  el_before_av_hr  avia-builder-el-first '><h3 class='av-special-heading-tag '  itemprop=\"headline\"  >Who is this support for?<\/h3><div class=\"special-heading-border\"><div class=\"special-heading-inner-border\"><\/div><\/div><\/div><br \/>\n\n<style type=\"text\/css\" data-created_by=\"avia_inline_auto\" id=\"style-css-av-mkm26oxw-388dceaaec903aef60e04559492d575b\">\n#top .hr.hr-invisible.av-mkm26oxw-388dceaaec903aef60e04559492d575b{\nheight:50px;\n}\n<\/style>\n<div  class='hr av-mkm26oxw-388dceaaec903aef60e04559492d575b hr-invisible  avia-builder-el-9  el_after_av_heading  el_before_av_textblock '><span class='hr-inner '><span class=\"hr-inner-style\"><\/span><\/span><\/div><br \/>\n\n<style type=\"text\/css\" data-created_by=\"avia_inline_auto\" id=\"style-css-av-mkm27gk0-7571ffac6ea55ac4fb1cd00978fc1ad3\">\n#top .av_textblock_section.av-mkm27gk0-7571ffac6ea55ac4fb1cd00978fc1ad3 .avia_textblock{\ntext-align:left;\n}\n<\/style>\n<section  class='av_textblock_section av-mkm27gk0-7571ffac6ea55ac4fb1cd00978fc1ad3 '   itemscope=\"itemscope\" itemtype=\"https:\/\/schema.org\/CreativeWork\" ><div class='avia_textblock'  itemprop=\"text\" ><p>This support is aimed at committed and motivated players who are aware that there is still room for improvement in the way they perceive, feel, and act in the game, in particular:<\/p>\n<ul>\n<li>professional players,<\/li>\n<li>active players of a good standard,<\/li>\n<li>young international players,<\/li>\n<li>young players aged 12 and over who are enrolled in a training center or wish to join one.<\/li>\n<\/ul>\n<\/div><\/section><br \/>\n\n<style type=\"text\/css\" data-created_by=\"avia_inline_auto\" id=\"style-css-av-2x7yiq-ca78e20d06e2463ae352ff09d2567e5f\">\n#top .hr.hr-invisible.av-2x7yiq-ca78e20d06e2463ae352ff09d2567e5f{\nheight:50px;\n}\n<\/style>\n<div  class='hr av-2x7yiq-ca78e20d06e2463ae352ff09d2567e5f hr-invisible  avia-builder-el-11  el_after_av_textblock  el_before_av_textblock '><span class='hr-inner '><span class=\"hr-inner-style\"><\/span><\/span><\/div><br \/>\n<section  class='av_textblock_section av-8f39u-a13a34523aeeb195ab4d6da6d825559f '   itemscope=\"itemscope\" itemtype=\"https:\/\/schema.org\/CreativeWork\" ><div class='avia_textblock'  itemprop=\"text\" ><h4><a href=\"https:\/\/www.patricklaspina.com\/en\/contact\/\"><u>Find out more<\/u><\/a> ><\/h4>\n<\/div><\/section><\/p><\/div><\/div><!--close column table wrapper. Autoclose: 1 --><\/div><\/div><\/main><!-- close content main element --><\/div><\/div><div id='av_section_2'  class='avia-section av-ml0vlfq0-d37c5deb502f4d7c5cabefb6dff28b9f main_color avia-section-large avia-no-border-styling  avia-builder-el-13  el_after_av_section  el_before_av_section  av-desktop-hide av-medium-hide avia-bg-style-scroll container_wrap fullsize'  ><div class='container av-section-cont-open' ><div class='template-page content  av-content-full alpha units'><div class='post-entry post-entry-type-page post-entry-1501'><div class='entry-content-wrapper clearfix'>\n<div  class='flex_column av-faqu7m-d6b110fba6589a201b7e874e21a99557 av_one_full  avia-builder-el-14  el_before_av_one_full  avia-builder-el-first  first flex_column_div  '     ><p>\n<style type=\"text\/css\" data-created_by=\"avia_inline_auto\" id=\"style-css-av-ed428y-34c8344c8c73c98e2b9d1954dd3e7717\">\nbody .av-special-heading.av-ed428y-34c8344c8c73c98e2b9d1954dd3e7717 .av-special-heading-tag .heading-char{\nfont-size:25px;\n}\n.av-special-heading.av-ed428y-34c8344c8c73c98e2b9d1954dd3e7717 .av-subheading{\nfont-size:15px;\n}\n<\/style>\n<div  class='av-special-heading av-ed428y-34c8344c8c73c98e2b9d1954dd3e7717 av-special-heading-h2 blockquote modern-quote  avia-builder-el-15  el_before_av_hr  avia-builder-el-first '><h2 class='av-special-heading-tag '  itemprop=\"headline\"  >Individual and small group coaching<\/h2><div class=\"special-heading-border\"><div class=\"special-heading-inner-border\"><\/div><\/div><\/div><br \/>\n\n<style type=\"text\/css\" data-created_by=\"avia_inline_auto\" id=\"style-css-av-ml0vmmz9-708a3f119a79840ea171af4661431523\">\n#top .hr.hr-invisible.av-ml0vmmz9-708a3f119a79840ea171af4661431523{\nheight:50px;\n}\n<\/style>\n<div  class='hr av-ml0vmmz9-708a3f119a79840ea171af4661431523 hr-invisible  avia-builder-el-16  el_after_av_heading  el_before_av_textblock '><span class='hr-inner '><span class=\"hr-inner-style\"><\/span><\/span><\/div><br \/>\n\n<style type=\"text\/css\" data-created_by=\"avia_inline_auto\" id=\"style-css-av-cdx9g2-cc8a1d77aae5b9f518f1abc851fcd154\">\n#top .av_textblock_section.av-cdx9g2-cc8a1d77aae5b9f518f1abc851fcd154 .avia_textblock{\ntext-align:left;\n}\n<\/style>\n<section  class='av_textblock_section av-cdx9g2-cc8a1d77aae5b9f518f1abc851fcd154 '   itemscope=\"itemscope\" itemtype=\"https:\/\/schema.org\/CreativeWork\" ><div class='avia_textblock'  itemprop=\"text\" ><p>Cet accompagnement propose un travail exclusivement qualitatif. Il ne repose pas sur la charge athl\u00e9tique, mais sur la qualit\u00e9 de la perception, du mouvement et du ressenti, l\u00e0 o\u00f9 se jouent les d\u00e9tails d\u00e9cisifs du jeu. <\/p>\n<p>The goal is to help players better understand what they perceive: knowing where to look, what to take into account, and what to ignore, both offensively and defensively, so that the body responds appropriately and effectively to each situation.<\/p>\n<p>Through InMova, the work is based on stable motor and perceptual principles, which allow for precision, timing, and freedom when pressure and imbalance arise.<\/p>\n<p>The situations presented are close to real-life play. The player&#8217;s behavior is approached as a response adapted to the context, never as a form to be reproduced.<\/p>\n<\/div><\/section><br \/>\n\n<style type=\"text\/css\" data-created_by=\"avia_inline_auto\" id=\"style-css-av-axvrgi-e3df4eb98cc254666492522e914b343e\">\n#top .hr.hr-invisible.av-axvrgi-e3df4eb98cc254666492522e914b343e{\nheight:120px;\n}\n<\/style>\n<div  class='hr av-axvrgi-e3df4eb98cc254666492522e914b343e hr-invisible  avia-builder-el-18  el_after_av_textblock  avia-builder-el-last '><span class='hr-inner '><span class=\"hr-inner-style\"><\/span><\/span><\/div><\/p><\/div><div  class='flex_column av-93y07m-fdfc6b275d53ba863658c90c40f28ea0 av_one_full  avia-builder-el-19  el_after_av_one_full  avia-builder-el-last  first flex_column_div  column-top-margin'     ><p>\n<style type=\"text\/css\" data-created_by=\"avia_inline_auto\" id=\"style-css-av-ml0vnwe3-e91e441201e6650ec5f30a9a46a32fad\">\n.avia-image-container.av-ml0vnwe3-e91e441201e6650ec5f30a9a46a32fad img.avia_image{\nbox-shadow:none;\n}\n.avia-image-container.av-ml0vnwe3-e91e441201e6650ec5f30a9a46a32fad .av-image-caption-overlay-center{\ncolor:#ffffff;\n}\n<\/style>\n<div  class='avia-image-container av-ml0vnwe3-e91e441201e6650ec5f30a9a46a32fad av-styling- avia-align-center  avia-builder-el-20  el_before_av_heading  avia-builder-el-first '   itemprop=\"image\" itemscope=\"itemscope\" itemtype=\"https:\/\/schema.org\/ImageObject\" ><div class=\"avia-image-container-inner\"><div class=\"avia-image-overlay-wrap\"><img decoding=\"async\" fetchpriority=\"high\" class='wp-image-1175 avia-img-lazy-loading-not-1175 avia_image ' src=\"https:\/\/www.patricklaspina.com\/wp-content\/uploads\/2026\/01\/Cat1-2.jpg\" alt='' title='Cat1-2'  height=\"900\" width=\"1125\"  itemprop=\"thumbnailUrl\" srcset=\"https:\/\/www.patricklaspina.com\/wp-content\/uploads\/2026\/01\/Cat1-2.jpg 1125w, https:\/\/www.patricklaspina.com\/wp-content\/uploads\/2026\/01\/Cat1-2-300x240.jpg 300w, https:\/\/www.patricklaspina.com\/wp-content\/uploads\/2026\/01\/Cat1-2-1030x824.jpg 1030w, https:\/\/www.patricklaspina.com\/wp-content\/uploads\/2026\/01\/Cat1-2-768x614.jpg 768w, https:\/\/www.patricklaspina.com\/wp-content\/uploads\/2026\/01\/Cat1-2-705x564.jpg 705w\" sizes=\"(max-width: 1125px) 100vw, 1125px\" \/><\/div><\/div><\/div><br \/>\n\n<style type=\"text\/css\" data-created_by=\"avia_inline_auto\" id=\"style-css-av-pp38y-e8969ca41674c035535e80f724319ce5\">\n#top .av-special-heading.av-pp38y-e8969ca41674c035535e80f724319ce5{\npadding-bottom:10px;\n}\nbody .av-special-heading.av-pp38y-e8969ca41674c035535e80f724319ce5 .av-special-heading-tag .heading-char{\nfont-size:25px;\n}\n.av-special-heading.av-pp38y-e8969ca41674c035535e80f724319ce5 .av-subheading{\nfont-size:15px;\n}\n<\/style>\n<div  class='av-special-heading av-pp38y-e8969ca41674c035535e80f724319ce5 av-special-heading-h3 blockquote modern-quote  avia-builder-el-21  el_after_av_image  el_before_av_textblock '><h3 class='av-special-heading-tag '  itemprop=\"headline\"  >Who is this support for?<\/h3><div class=\"special-heading-border\"><div class=\"special-heading-inner-border\"><\/div><\/div><\/div><br \/>\n\n<style type=\"text\/css\" data-created_by=\"avia_inline_auto\" id=\"style-css-av-57k7he-d94d70633c82567363cb425495e498c4\">\n#top .av_textblock_section.av-57k7he-d94d70633c82567363cb425495e498c4 .avia_textblock{\ntext-align:left;\n}\n<\/style>\n<section  class='av_textblock_section av-57k7he-d94d70633c82567363cb425495e498c4 '   itemscope=\"itemscope\" itemtype=\"https:\/\/schema.org\/CreativeWork\" ><div class='avia_textblock'  itemprop=\"text\" ><p>This support is aimed at committed and motivated players who are aware that there is still room for improvement in the way they perceive, feel, and act in the game, in particular:<\/p>\n<ul>\n<li>professional players,<\/li>\n<li>active players of a good standard,<\/li>\n<li>young international players,<\/li>\n<li>young players aged 12 and over who are enrolled in a training center or wish to join one.<\/li>\n<\/ul>\n<\/div><\/section><\/p><\/div><\/div><\/div><\/div><!-- close content main div --><\/div><\/div><div id='av_section_3'  class='avia-section av-mlb9z0lj-f64eca97df439bb1f7beb9d41fbff970 main_color avia-section-default avia-no-border-styling  avia-builder-el-23  el_after_av_section  avia-builder-el-last  avia-bg-style-scroll container_wrap fullsize'  ><div class='container av-section-cont-open' ><div class='template-page content  av-content-full alpha units'><div class='post-entry post-entry-type-page post-entry-1501'><div class='entry-content-wrapper clearfix'>\n<div  class='flex_column av-1di00i-84b402b386af3b203fd21ce4a0525f2f av_one_full  avia-builder-el-24  el_before_av_one_half  avia-builder-el-first  first flex_column_div  '     ><p>\n<style type=\"text\/css\" data-created_by=\"avia_inline_auto\" id=\"style-css-av-calnw2-7e8e0febad3d2a95e5726c3a285abd3e\">\n#top .av-special-heading.av-calnw2-7e8e0febad3d2a95e5726c3a285abd3e{\npadding-bottom:10px;\n}\nbody .av-special-heading.av-calnw2-7e8e0febad3d2a95e5726c3a285abd3e .av-special-heading-tag .heading-char{\nfont-size:25px;\n}\n.av-special-heading.av-calnw2-7e8e0febad3d2a95e5726c3a285abd3e .av-subheading{\nfont-size:15px;\n}\n<\/style>\n<div  class='av-special-heading av-calnw2-7e8e0febad3d2a95e5726c3a285abd3e av-special-heading-h3 blockquote modern-quote  avia-builder-el-25  el_before_av_hr  avia-builder-el-first '><h3 class='av-special-heading-tag '  itemprop=\"headline\"  >Organization <span class='special_amp'>&amp;<\/span> Prices<\/h3><div class=\"special-heading-border\"><div class=\"special-heading-inner-border\"><\/div><\/div><\/div><br \/>\n\n<style type=\"text\/css\" data-created_by=\"avia_inline_auto\" id=\"style-css-av-b8j7gy-348271563316d405cf67f23d5f688954\">\n#top .hr.hr-invisible.av-b8j7gy-348271563316d405cf67f23d5f688954{\nheight:50px;\n}\n<\/style>\n<div  class='hr av-b8j7gy-348271563316d405cf67f23d5f688954 hr-invisible  avia-builder-el-26  el_after_av_heading  el_before_av_textblock '><span class='hr-inner '><span class=\"hr-inner-style\"><\/span><\/span><\/div><br \/>\n\n<style type=\"text\/css\" data-created_by=\"avia_inline_auto\" id=\"style-css-av-998c2a-64c77859f965b2d017ff3ed8cbf08b9c\">\n#top .av_textblock_section.av-998c2a-64c77859f965b2d017ff3ed8cbf08b9c .avia_textblock{\ntext-align:left;\n}\n<\/style>\n<section  class='av_textblock_section av-998c2a-64c77859f965b2d017ff3ed8cbf08b9c '   itemscope=\"itemscope\" itemtype=\"https:\/\/schema.org\/CreativeWork\" ><div class='avia_textblock'  itemprop=\"text\" ><p><strong>Session duration<\/strong>: 1 hour 15 minutes to 1 hour 30 minutes depending on the theme<\/p>\n<p><strong>Groups<\/strong>: 4 to 6 players (minimum 4 participants to validate the session)<\/p>\n<p><strong>Locations<\/strong>: Geneva \u2013 Valais<\/p>\n<p><strong>Dates<\/strong>: March to June (see the <a href=\"https:\/\/www.patricklaspina.com\/en\/calendar-registration\/\">calendar<\/a> for more details)<\/p>\n<p><strong>Supervision<\/strong>: Patrick La Spina<\/p>\n<p><strong>Packages &#038; Prices<\/strong>:<\/p>\n<ul>\n<li><strong>Single session<\/strong>: in-depth session (duration varies depending on the content covered)\n<ul>\n<li>100 CHF<\/li>\n<\/ul>\n<\/li>\n<li><strong>Progression Pack<\/strong>: 4 sessions, a short cycle to establish individual and relational benchmarks\n<ul>\n<li>360 CHF<\/li>\n<\/ul>\n<\/li>\n<li><strong>InMova Course<\/strong>: complete cycle of 7 sessions: a structured, progressive, and continuous course (construction, adjustments, consolidation)\n<ul>\n<li>700 CHF (+10% discount on Foot Lab summer camps in Crans-Montana)<\/li>\n<\/ul>\n<\/li>\n<\/ul>\n<\/div><\/section><\/p><\/div><div  class='flex_column av-7b0ooy-1453a52a62fb31ae16429644899e565e av_one_half  avia-builder-el-28  el_after_av_one_full  el_before_av_one_half  first flex_column_div  column-top-margin'     ><section  class='av_textblock_section av-6965rm-346d689c7eca61bb2c3a7141f749d230 '   itemscope=\"itemscope\" itemtype=\"https:\/\/schema.org\/CreativeWork\" ><div class='avia_textblock'  itemprop=\"text\" ><h4><a href=\"https:\/\/www.patricklaspina.com\/en\/contact\/\" target=\"_blank\" rel=\"noopener\"><u>Request more info<\/u><\/a>\u00a0&gt;<\/h4>\n<\/div><\/section><\/div><div  class='flex_column av-4937k2-074549aac68a3fd2a6e609f42c5c9fcb av_one_half  avia-builder-el-30  el_after_av_one_half  avia-builder-el-last  flex_column_div  column-top-margin'     ><section  class='av_textblock_section av-35iqoy-4d4ba4a82cc27a4b9c374bdfbfe25049 '   itemscope=\"itemscope\" itemtype=\"https:\/\/schema.org\/CreativeWork\" ><div class='avia_textblock'  itemprop=\"text\" ><h4><a href=\"https:\/\/form.typeform.com\/to\/lj2NURGN\" target=\"_blank\" rel=\"noopener\"><u>Registration form<\/u><\/a> &gt;<\/h4>\n<\/div><\/section><\/div><\/p>\n","protected":false},"excerpt":{"rendered":"","protected":false},"author":2,"featured_media":0,"parent":1480,"menu_order":0,"comment_status":"closed","ping_status":"closed","template":"","meta":{"footnotes":""},"class_list":["post-1501","page","type-page","status-publish","hentry"],"_links":{"self":[{"href":"https:\/\/www.patricklaspina.com\/en\/wp-json\/wp\/v2\/pages\/1501","targetHints":{"allow":["GET"]}}],"collection":[{"href":"https:\/\/www.patricklaspina.com\/en\/wp-json\/wp\/v2\/pages"}],"about":[{"href":"https:\/\/www.patricklaspina.com\/en\/wp-json\/wp\/v2\/types\/page"}],"author":[{"embeddable":true,"href":"https:\/\/www.patricklaspina.com\/en\/wp-json\/wp\/v2\/users\/2"}],"replies":[{"embeddable":true,"href":"https:\/\/www.patricklaspina.com\/en\/wp-json\/wp\/v2\/comments?post=1501"}],"version-history":[{"count":7,"href":"https:\/\/www.patricklaspina.com\/en\/wp-json\/wp\/v2\/pages\/1501\/revisions"}],"predecessor-version":[{"id":1642,"href":"https:\/\/www.patricklaspina.com\/en\/wp-json\/wp\/v2\/pages\/1501\/revisions\/1642"}],"up":[{"embeddable":true,"href":"https:\/\/www.patricklaspina.com\/en\/wp-json\/wp\/v2\/pages\/1480"}],"wp:attachment":[{"href":"https:\/\/www.patricklaspina.com\/en\/wp-json\/wp\/v2\/media?parent=1501"}],"curies":[{"name":"wp","href":"https:\/\/api.w.org\/{rel}","templated":true}]}}